{"id":112,"date":"2023-03-14T14:10:47","date_gmt":"2023-03-14T12:10:47","guid":{"rendered":"https:\/\/ortomax2.arendus.1kdigital.com\/?page_id=112"},"modified":"2023-03-15T11:45:19","modified_gmt":"2023-03-15T09:45:19","slug":"esileht","status":"publish","type":"page","link":"https:\/\/ortomax.ee\/fi\/","title":{"rendered":"Esileht"},"content":{"rendered":"\n<div class=\"wp-block-columns alignwide home-columns is-layout-flex wp-container-core-columns-is-layout-1 wp-block-columns-is-layout-flex\">\n<div class=\"wp-block-column home-column-left is-layout-flow wp-block-column-is-layout-flow\" style=\"flex-basis:60%\">\n<p><\/p>\n\n\n\n<div class=\"wp-block-group slogan has-global-padding is-content-justification-left is-layout-constrained wp-container-core-group-is-layout-1 wp-block-group-is-layout-constrained\">\n<p class=\"has-primary-color has-text-color has-x-large-font-size\" style=\"font-style:normal;font-weight:400;line-height:1\">ORTOMAX<\/p>\n\n\n\n<p class=\"has-contrast-color has-text-color has-x-large-font-size\" style=\"font-style:normal;font-weight:200;line-height:1\">tekee hymyj\u00e4!<\/p>\n<\/div>\n\n\n\n<p>Ortomax Hambaravi on yksityinen hammasl\u00e4\u00e4k\u00e4riasema, joka sijaitsee Tallinnan Kristiinen kaupunginosassa. Painopisteemme on potilaiden kokonaisvaltaisessa hoidossa hammassairauksien syiden selvitt\u00e4misest\u00e4 aina hymyn palauttamiseen modernein ty\u00f6kaluin.<br><br><br><br><\/p>\n<\/div>\n\n\n\n<div class=\"wp-block-column home-column-right is-layout-flow wp-block-column-is-layout-flow\" style=\"flex-basis:40%\">\n<div class=\"wp-block-group booking-calendar has-base-color has-primary-background-color has-text-color has-background has-global-padding is-layout-constrained wp-container-core-group-is-layout-2 wp-block-group-is-layout-constrained\" style=\"padding-top:var(--wp--preset--spacing--30);padding-right:var(--wp--preset--spacing--30);padding-bottom:var(--wp--preset--spacing--30);padding-left:var(--wp--preset--spacing--30)\">  <div class=\"hp-calendar-container\">\n    <div class=\"hp-calendar\" data-clinics=\"\" data-default_service=\"\" \n\t\t\tdata-metainfo=\"MS41Ljk=\" get_next_if_nothing=\"\" show_location=\"\" show_clinic=\"\" data-default_clinic=\"\" apix=\"0\">    <\/div>\n    <div class=\"hp-calendar-info\">\n    <\/div>\n  <\/div>\n\n<\/div>\n<\/div>\n<\/div>\n","protected":false},"excerpt":{"rendered":"<p>ORTOMAX tekee hymyj\u00e4! Ortomax Hambaravi on yksityinen hammasl\u00e4\u00e4k\u00e4riasema, joka sijaitsee Tallinnan Kristiinen kaupunginosassa. Painopisteemme on potilaiden kokonaisvaltaisessa hoidossa hammassairauksien syiden selvitt\u00e4misest\u00e4 aina hymyn palauttamiseen modernein ty\u00f6kaluin.<\/p>\n","protected":false},"author":2,"featured_media":46,"parent":0,"menu_order":10,"comment_status":"closed","ping_status":"closed","template":"","meta":{"footnotes":""},"_links":{"self":[{"href":"https:\/\/ortomax.ee\/fi\/wp-json\/wp\/v2\/pages\/112"}],"collection":[{"href":"https:\/\/ortomax.ee\/fi\/wp-json\/wp\/v2\/pages"}],"about":[{"href":"https:\/\/ortomax.ee\/fi\/wp-json\/wp\/v2\/types\/page"}],"author":[{"embeddable":true,"href":"https:\/\/ortomax.ee\/fi\/wp-json\/wp\/v2\/users\/2"}],"replies":[{"embeddable":true,"href":"https:\/\/ortomax.ee\/fi\/wp-json\/wp\/v2\/comments?post=112"}],"version-history":[{"count":2,"href":"https:\/\/ortomax.ee\/fi\/wp-json\/wp\/v2\/pages\/112\/revisions"}],"predecessor-version":[{"id":122,"href":"https:\/\/ortomax.ee\/fi\/wp-json\/wp\/v2\/pages\/112\/revisions\/122"}],"wp:featuredmedia":[{"embeddable":true,"href":"https:\/\/ortomax.ee\/fi\/wp-json\/wp\/v2\/media\/46"}],"wp:attachment":[{"href":"https:\/\/ortomax.ee\/fi\/wp-json\/wp\/v2\/media?parent=112"}],"curies":[{"name":"wp","href":"https:\/\/api.w.org\/{rel}","templated":true}]}}