{"id":116,"date":"2023-03-14T14:12:02","date_gmt":"2023-03-14T12:12:02","guid":{"rendered":"https:\/\/ortomax2.arendus.1kdigital.com\/?page_id=116"},"modified":"2024-04-10T19:18:19","modified_gmt":"2024-04-10T17:18:19","slug":"hinnad","status":"publish","type":"page","link":"https:\/\/ortomax.ee\/fi\/hinnad\/","title":{"rendered":"Hinnat"},"content":{"rendered":"\n<h2 class=\"wp-block-heading has-base-color has-text-color\">Hammashoito<\/h2>\n\n\n\n<p class=\"has-base-color has-text-color\">Hammashoitopalvelun tarkkaa hintaa on usein mahdotonta ilmoittaa puhelimitse tai s\u00e4hk\u00f6postitse. Siksi olemme alla olevassa luettelossa ilmoittaneet hintaluokan, johon hintamme laskevat. Teemme my\u00f6s yksityiskohtaisen hoitosuunnitelman useita k\u00e4ynti\u00e4 vaativille hoidoille.\u00a0<\/p>\n\n\n<div class=\"lazyblock-block-1MYB20 wp-block-lazyblock-block\"><div class=\"block-shadow padding-default\">\n\n\n<figure class=\"wp-block-table alignwide\"><table><tbody><tr><td>Konsultointi<\/td><td class=\"has-text-align-right\" data-align=\"right\">35-50  eur<\/td><\/tr><tr><td>Paikkaushoito<\/td><td class=\"has-text-align-right\" data-align=\"right\">50-160 eur<\/td><\/tr><tr><td>Juurihoito<\/td><td class=\"has-text-align-right\" data-align=\"right\">60-180 eur<\/td><\/tr><tr><td>Hammaskiven poisto<\/td><td class=\"has-text-align-right\" data-align=\"right\">60-120 eur<\/td><\/tr><tr><td>Posliinikruunu<\/td><td class=\"has-text-align-right\" data-align=\"right\">400-500 eur<\/td><\/tr><tr><td>Hammaskuorikko IPS Emax<\/td><td class=\"has-text-align-right\" data-align=\"right\">500-650 eur<\/td><\/tr><tr><td>Hampaan poisto<\/td><td class=\"has-text-align-right\" data-align=\"right\">60-120 eur <\/td><\/tr><\/tbody><\/table><\/figure>\n\n<\/div><\/div>\n\n\n<p><br><br><br><br><br><\/p>\n","protected":false},"excerpt":{"rendered":"<p>Hammashoito Hammashoitopalvelun tarkkaa hintaa on usein mahdotonta ilmoittaa puhelimitse tai s\u00e4hk\u00f6postitse. Siksi olemme alla olevassa luettelossa ilmoittaneet hintaluokan, johon hintamme laskevat. Teemme my\u00f6s yksityiskohtaisen hoitosuunnitelman useita k\u00e4ynti\u00e4 vaativille hoidoille.\u00a0<\/p>\n","protected":false},"author":2,"featured_media":50,"parent":0,"menu_order":30,"comment_status":"closed","ping_status":"closed","template":"","meta":{"footnotes":""},"_links":{"self":[{"href":"https:\/\/ortomax.ee\/fi\/wp-json\/wp\/v2\/pages\/116"}],"collection":[{"href":"https:\/\/ortomax.ee\/fi\/wp-json\/wp\/v2\/pages"}],"about":[{"href":"https:\/\/ortomax.ee\/fi\/wp-json\/wp\/v2\/types\/page"}],"author":[{"embeddable":true,"href":"https:\/\/ortomax.ee\/fi\/wp-json\/wp\/v2\/users\/2"}],"replies":[{"embeddable":true,"href":"https:\/\/ortomax.ee\/fi\/wp-json\/wp\/v2\/comments?post=116"}],"version-history":[{"count":2,"href":"https:\/\/ortomax.ee\/fi\/wp-json\/wp\/v2\/pages\/116\/revisions"}],"predecessor-version":[{"id":232,"href":"https:\/\/ortomax.ee\/fi\/wp-json\/wp\/v2\/pages\/116\/revisions\/232"}],"wp:featuredmedia":[{"embeddable":true,"href":"https:\/\/ortomax.ee\/fi\/wp-json\/wp\/v2\/media\/50"}],"wp:attachment":[{"href":"https:\/\/ortomax.ee\/fi\/wp-json\/wp\/v2\/media?parent=116"}],"curies":[{"name":"wp","href":"https:\/\/api.w.org\/{rel}","templated":true}]}}