{"id":120,"date":"2023-03-14T14:13:06","date_gmt":"2023-03-14T12:13:06","guid":{"rendered":"https:\/\/ortomax2.arendus.1kdigital.com\/?page_id=120"},"modified":"2023-03-15T12:20:58","modified_gmt":"2023-03-15T10:20:58","slug":"privaatsuspoliitika","status":"publish","type":"page","link":"https:\/\/ortomax.ee\/fi\/privaatsuspoliitika\/","title":{"rendered":"Privaatsuspoliitika"},"content":{"rendered":"\n<h2 class=\"alignwide has-base-color has-text-color wp-block-heading\">Privaatsuspoliitika<\/h2>\n\n\n<div class=\"lazyblock-block-16vvRn alignwide alignwide wp-block-lazyblock-block\"><div class=\"block-shadow padding-default\">\n\n\n<h2 class=\"wp-block-heading\">Ortomax Hambaravi O\u00dc privaatsusteatis<\/h2>\n\n\n\n<div class=\"wp-block-columns is-layout-flex wp-container-core-columns-is-layout-1 wp-block-columns-is-layout-flex\">\n<div class=\"wp-block-column is-layout-flow wp-block-column-is-layout-flow\">\n<p><strong>Sissejuhatus<\/strong><\/p>\n<\/div>\n<\/div>\n\n\n\n<div class=\"wp-block-columns is-layout-flex wp-container-core-columns-is-layout-3 wp-block-columns-is-layout-flex\">\n<div class=\"wp-block-column is-layout-flow wp-block-column-is-layout-flow\">\n<p>HambaRavi O\u00dc (HR) tegeleb Eesti Vabariigis hambaraviteenuse pakkumisega ja osutamisega Eesti Vabariigis. K\u00e4esolevas privaatsusteatises on toodud andmekaitse ja -t\u00f6\u00f6tlemise p\u00f5him\u00f5tted, mida HR rakendab, et tagada Teie isikuandmete kaitse ja turvalisus. HR on v\u00f5tnud kasutusele m\u00f5istlikud ja vajalikud meetmed Teie turvalisuse ja isikuandmete puutumatuse kaitseks.<br>Ligip\u00e4\u00e4s isikuandmetele on ainult t\u00f6\u00f6tajatel, kelle t\u00f6\u00f6\u00fclesanded seda n\u00f5uavad ning andmete t\u00f6\u00f6tlemine piirdub seejuures ainult hambaravi \u00fclesannete t\u00e4itmiseks vajalikuga. HR teeb k\u00f5ik endast oleneva, et kaitsta isikuandmete sattumist isikute k\u00e4tte, kellel puuduvad selleks \u00f5igused.<br>Isikuandmete t\u00f6\u00f6tlemine on vajalik lepingute t\u00e4itmiseks. Soovime, et oleksite teadlik, missuguseid isikuandmeid t\u00f6\u00f6tleme, missugune on isikuandmete t\u00f6\u00f6tlemise p\u00f5hjus, kuidas isikuandmeid kasutame ning missugused on Teie \u00f5igused ja kohustused.<\/p>\n\n\n\n<p><strong>Privaatsusteatise ulatus<\/strong><\/p>\n\n\n\n<p>Privaatsusteatis rakendub Teile n\u00e4iteks, kui:<\/p>\n\n\n\n<ul>\n<li>Te kasutate HR teenuseid;<\/li>\n\n\n\n<li>HR osutab Teile tervishoiuteenust;<\/li>\n\n\n\n<li>Te helistate HR kontakttelefonile;<\/li>\n\n\n\n<li>Te p\u00f6\u00f6rdute HR poole e-posti v\u00f5i muu sidevahendi kaudu.<\/li>\n<\/ul>\n\n\n\n<div class=\"wp-block-columns is-layout-flex wp-container-core-columns-is-layout-2 wp-block-columns-is-layout-flex\">\n<div class=\"wp-block-column is-layout-flow wp-block-column-is-layout-flow\">\n<p>HR ei t\u00f6\u00f6tle teadlikult alla 13-aastaste isikutega seotud andmeid, v\u00e4lja arvatud juhtudel, kui andmete t\u00f6\u00f6tlemine on vajalik raviteenuse osutamiseks.<\/p>\n\n\n\n<p><strong>Isikuandmete kogumise ja t\u00f6\u00f6tlemise eesm\u00e4rk<\/strong><\/p>\n\n\n\n<p>HR kogub ja t\u00f6\u00f6tleb isikuandmeid j\u00e4rgnevateks eesm\u00e4rkideks:<\/p>\n\n\n\n<ul>\n<li>raviteenuse osutamiseks;<\/li>\n\n\n\n<li>raviteenuse osutamise arendamiseks;<\/li>\n\n\n\n<li>suhtlemiseks patsientidega, tarbijate, t\u00f6\u00f6tajate ja koost\u00f6\u00f6partneritega;<\/li>\n\n\n\n<li>hambaarstiteaduse arenguks;<\/li>\n\n\n\n<li>p\u00e4ringutele vastamiseks ja taotluste lahendamiseks;<\/li>\n\n\n\n<li>teenuste ja kaupade kvaliteedi hindamiseks;<\/li>\n\n\n\n<li>veebilehe, toodete ja teenustega seotud klientide tagasiside t\u00f6\u00f6tlemiseks;<\/li>\n\n\n\n<li>teenuste t\u00e4iustamiseks, muutmiseks ja parandamiseks;<\/li>\n\n\n\n<li>v\u00f5rgu- ja infos\u00fcsteemide turvalisuse tagamiseks;<\/li>\n\n\n\n<li>tehniliste ja infoturbe t\u00f5rgete tuvastamiseks ja k\u00f5rvaldamiseks;<\/li>\n\n\n\n<li>pettuse v\u00f5i v\u00e4\u00e4rkasutuse tuvastamiseks ja ennetamiseks.<\/li>\n<\/ul>\n<\/div>\n<\/div>\n<\/div>\n<\/div>\n\n\n\n<p>Kui t\u00f6\u00f6tleme Teie isikuandmeid l\u00e4htuvalt meie \u00f5igustatud huvidest, arvestame ja kaalume alati v\u00f5imalikke m\u00f5jusid Teile (nii positiivseid kui ka negatiivseid) ja Teie isikuandmete kaitse seadusest tulenevaid \u00f5igusi.<br>Isikuandmete HR\u2019le esitamine ei ole kohustuslik, kuid nende esitamisest keeldumine v\u00f5ib t\u00e4hendada, et HR\u2019l ei ole v\u00f5imalik Teile pakkuda raviteenuseid v\u00f5i neid saab pakkuda vaid osaliselt.<\/p>\n\n\n\n<p><strong>Isikuandmete kaitse p\u00f5him\u00f5tted<\/strong><\/p>\n\n\n\n<p>HR rakendab isikuandmete puutumatuse ja kaitse tagamiseks f\u00fc\u00fcsilisi, tehnilisi ja korralduslikke kaitsemeetmeid, nagu lukud, elektrilised seires\u00fcsteemid, tulem\u00fc\u00fcr, pahavaravastased programmid ja r\u00e4mpsposti filtreerimiss\u00fcsteemid jms. Uuendame ja testime turbetehnoloogiat perioodiliselt. V\u00f5imaldame juurdep\u00e4\u00e4su Teie isikuandmetele vaid neile t\u00f6\u00f6tajatele, kes vajavad neid andmeid oma t\u00f6\u00f6 tegemiseks. Lisaks, koolitame oma t\u00f6\u00f6tajaid seoses konfidentsiaalsuse t\u00e4htsuse, isikuandmete puutumatuse ja turvalisusega.<br>HR kasutab tervishoiuteenuse osutamisel \u2026 ravihaldustarkvara (edaspidi ka \u2026). \u2026 tarkvaraga on v\u00f5imalik hallata patsiendi andmeid, raviinfot, digipilte, t\u00f6\u00f6plaane, arveldust, saata SMS meeldetuletusi ja palju muud. \u2026 t\u00f5hustab nii arstide kui ka terve kliiniku t\u00f6\u00f6d ja aitab kasutajatel osutada p\u00fcsivalt k\u00f5rgetasemelist raviteenust. \u2026 ravihaldustarkvara pakkujaks on Kiku O\u00dc.<\/p>\n\n\n\n<p>Loetelu peamistest olukordadest, kus HR v\u00f5ib t\u00f6\u00f6delda Teie isikuandmeid<\/p>\n\n\n\n<ul>\n<li>raviteenusele registreerides \u2013 registreerides vastuv\u00f5tule (kohapeal, e-maili teel, telefoni teel, veebibroneeringu kaudu) t\u00f6\u00f6tleme Teie andmeid (nimi, isikukood, aadress, kontaktandmed jne);<\/li>\n\n\n\n<li>tervishoiuteenuse osutamisel \u2013 terviseandmete kogumine (sh e-tervise andmekogust), sisestamine, muutmine ja lisamine Teie ravikaardile on vajalik peamiselt raviteenuse osutamiseks ning selleks, et hinnata terviseseisundi ning ravi d\u00fcnaamikat ja koostada raviplaani;<\/li>\n\n\n\n<li>tervishoiuteenuse osutamisel v\u00f5ib hambaarst teha Teist pilte (h\u00f5lmates kogu Teie n\u00e4gu), et konsulteerida eriala ekspertidega (nt tehnikud, laborid). Fotode edastamisel on hambaarstil v\u00f5imalik m\u00e4\u00e4rata kindlaks koos eksperdi abiga k\u00f5ige optimaalsem raviplaan ja\/v\u00f5i vajalik protseduur ning teha muid tervishoiuteenuse osutamiseks vajalike toiminguid.<\/li>\n\n\n\n<li>Teie ravi k\u00e4igus tehtud fotosid v\u00f5ib hambaarst kasutada koolitustel, et v\u00f5imaldada hambaarstidel arendada kaasaegsemaid raviv\u00f5tteid. Selleks k\u00fcsib hambaarst Teilt loa (n\u00f5usoleku). Teil on \u00f5igus oma n\u00f5usolek igal ajal tagasi v\u00f5tta, saates allkirjastatud avalduse e-posti aadressile: <strong>_<\/strong> N\u00f5usoleku tagasiv\u00f5tmine ei muuda kehtetuks enne n\u00f5usoleku tagasiv\u00f5tmist teostatud toiminguid.<\/li>\n\n\n\n<li>Teie laps v\u00f5i eeskoste all olev isik on tulnud meie juurde hambaarsti vastuv\u00f5tule \u2013 t\u00f6\u00f6tleme Teie isikuandmeid kontrollimaks Teie seotust patsiendiga. Edastame Teile infot patsiendi terviseandmete kohta juhul, kui patsient v\u00f5i \u00f5iguskaitseorganid ei ole m\u00e4\u00e4ranud teisiti;<\/li>\n\n\n\n<li>patsient on m\u00e4rkinud Teid oma kontaktisikuks \u2013 t\u00f6\u00f6tleme Teie kontaktandmeid patsiendiga seotud teabe edastamiseks;<\/li>\n\n\n\n<li>taotlete enda (oma lapse v\u00f5i eeskoste all oleva isiku) ravidokumentide v\u00e4ljastamist \u2013 dokumentide v\u00e4ljastamine toimub koosk\u00f5las seaduslike alustega, j\u00e4rgides isikuandmete edastamisel kasutuselolevaid turvameetmeid.;<\/li>\n\n\n\n<li>esitate meile kaebuse v\u00f5i teaben\u00f5ude (sh sidevahendite kaudu) \u2013 kasutame Teie isikuandmeid kaebusega\/teaben\u00f5udega seonduvate asjaolude v\u00e4ljaselgitamiseks ja kaebusele\/teaben\u00f5udele vastamiseks.;<\/li>\n\n\n\n<li>kandideerite HR\u2019sse t\u00f6\u00f6le \u2013 l\u00e4htume Teie enda poolt jagatud andmetest ning andmetest, mida on v\u00f5imalik koguda avalikest allikatest. Saates meile oma CV, annate n\u00f5usoleku endaga \u00fchenduse v\u00f5tmiseks.<\/li>\n<\/ul>\n\n\n\n<p><strong>T\u00f6\u00f6deldavad andmed<\/strong><\/p>\n\n\n\n<p>HR v\u00f5ib koguda ja t\u00f6\u00f6delda Teie kohta j\u00e4rgmiseid andmeid:<\/p>\n\n\n\n<ul>\n<li>ees- ja perekonnanimi;<\/li>\n\n\n\n<li>isikukood;<\/li>\n\n\n\n<li>elukoha andmed;<\/li>\n\n\n\n<li>kontaktandmed (telefoninumber, e-post, postiaadress jms);<\/li>\n\n\n\n<li>terviseandmed (sh e-tervise andmekogust);<\/li>\n\n\n\n<li>dokumendiandmed (nt dokumendi number jms);<\/li>\n\n\n\n<li>muud andmed, mis on vajalikud tervishoiuteenuse osutamiseks;<\/li>\n\n\n\n<li>r\u00f6ntgenpildid, skanneeringud;<\/li>\n\n\n\n<li>fotod.<\/li>\n<\/ul>\n\n\n\n<p><strong>Isikuandmete kogumise viis<\/strong><\/p>\n\n\n\n<p>HR kogub Teie andmeid:<\/p>\n\n\n\n<ul>\n<li>otse Teie v\u00f5i Teie esindaja k\u00e4est, kui broneerite endale raviteenuse aja, suhtlete meiega sidevahendite kaudu, raviteenuse osutamisel tervishoiuteenuse osutaja vahendusel;<\/li>\n\n\n\n<li>e-tervise andmekogust.<\/li>\n<\/ul>\n\n\n\n<p><strong>Isikuandmete kasutamine<\/strong><\/p>\n\n\n\n<p>HR v\u00f5ib kasutada Teie andmeid kasutada enda \u00f5igustatud huvides, muu hulgas:<\/p>\n\n\n\n<ul>\n<li>tervishoiuteenuse osutamiseks (sh ravi planeerimine, diagnoosimine, ravimine jms);<\/li>\n\n\n\n<li>Teiega tehingute s\u00f5lmimiseks (nt tervishoiuteenuse lepingu ja muude kokkulepete s\u00f5lmimine);<\/li>\n\n\n\n<li>Teiega suhtlemiseks (nt teenuse osutamise tingimuste, taotluste ja p\u00e4ringute lahendamise teemal; l\u00e4bir\u00e4\u00e4kimiste pidamiseks jms);<\/li>\n\n\n\n<li>\u00e4ritegevuse teostamiseks ja arendamiseks (nt andmeanal\u00fc\u00fcsiks, tegevuste auditeerimiseks, uute toodete ja teenuste arendamiseks, olemasolevate teenuste parendamiseks ja muutmiseks, kasutamise trendide tuvastamiseks);<\/li>\n\n\n\n<li>pettuste, rahapesu ja kelmuste j\u00e4lgimiseks ning ennetamiseks;<\/li>\n\n\n\n<li>\u00f5iguslike, auditeerimist puudutavate, regulatiivsete, kindlustuse, turvalisuse ja t\u00f6\u00f6tlemise n\u00f5uete t\u00e4itmiseks;<\/li>\n\n\n\n<li>avalike ja valitsusasutuste p\u00e4ringutele vastamiseks, sh ametiasutused, mis v\u00f5ivad asuda v\u00e4ljaspool Teie elukohariiki;<\/li>\n\n\n\n<li>\u00f5igusalaseks koost\u00f6\u00f6ks \u00f5iguskaitseasutustega v\u00f5i muudel \u00f5igusaktidest tulenevatel eesm\u00e4rkidel;<\/li>\n<\/ul>\n\n\n\n<p><strong>Isikuandmete t\u00f6\u00f6tlemise alused<\/strong><\/p>\n\n\n\n<p>HR t\u00f6\u00f6tleb Teie isikuandmeid j\u00e4rgnevatel alustel<\/p>\n\n\n\n<ul>\n<li>tervishoiuteenuse lepingu s\u00f5lmimiseks;<\/li>\n\n\n\n<li>seadustest tulenevate kohustuste t\u00e4itmiseks (nt tervishoiuteenuste korraldamise seadus);<\/li>\n\n\n\n<li>Teie n\u00f5usolekul (nt Teie fotode kasutamine koolitustel, palute HR\u2019l andmeid edastada kolmandatele isikutele tervishoiuteenuse osutamiseks);<\/li>\n\n\n\n<li>\u00f5iguslikul alusel (pettuste, rahapesu ja kelmuse ennetamiseks).<\/li>\n<\/ul>\n\n\n\n<p><strong>Andmekaitse ja -t\u00f6\u00f6tlus HR Veebilehel<\/strong><\/p>\n\n\n\n<p>HR kogub Teie kohta andmeid, mis tulenevad www (edaspidi ka Veebileht) kasutamisest, muu hulgas n\u00e4iteks:<\/p>\n\n\n\n<ul>\n<li>kui Te broneerite Veebilehel arstik\u00fclastuse aja, millisel juhul v\u00f5idakse k\u00fcsida Teie nime, kontaktandmeid, aadressi ja arve esitamise aadressi;<\/li>\n\n\n\n<li>Teiega suhtlemine (sh p\u00e4ringutele vastamine);<\/li>\n\n\n\n<li>teenuste ja Veebilehe t\u00e4iendamiseks ja kasutusmugavuse parandamiseks;<\/li>\n\n\n\n<li>Teie teavitamiseks;<\/li>\n\n\n\n<li>broneeringute t\u00f6\u00f6tlemiseks;<\/li>\n<\/ul>\n\n\n\n<p><strong>Isikuandmete ning muude andmete jagamine ja avaldamine<\/strong><\/p>\n\n\n\n<p>Isikuandmeid edastatakse v\u00f5i avalikustatakse j\u00e4rgmistele kolmandatele isikutele:<\/p>\n\n\n\n<ul>\n<li>asutustele v\u00f5i isikutele, kellel on seadusest tulenev \u00f5igus neid dokumente k\u00fcsida (nt \u00f5iguskaitseorganid, haigekassa, terviseamet, kindlustusandja kindlustusjuhtumi esinemisel jms).<\/li>\n\n\n\n<li>Teie n\u00f5usolekul HR koost\u00f6\u00f6partneritele tervishouteenuse parimaks osutamiseks;<\/li>\n\n\n\n<li>teistele kolmandatele isikutele, kui tegemist on HR\u2019ga seotud \u00fchinemisega, m\u00fc\u00fcgiga v\u00f5i muude muudatustega v\u00f5i pankrotimenetluse v\u00f5i teiste sarnaste tegevustega.<\/li>\n<\/ul>\n\n\n\n<p><strong>Isikuandmete s\u00e4ilitamine ning s\u00e4ilitamis- ja t\u00f6\u00f6tlemiskoht<\/strong><\/p>\n\n\n\n<p>HR s\u00e4ilitab Teie andmeid nende kogumise eesm\u00e4rgi t\u00e4itmiseks vajaliku aja jooksul v\u00f5i pikemalt, kui seda n\u00f5uavad \u00f5igusaktid. Tulenevalt tervishouteenusete korraldamise seadusest on HR\u2019l kohustus s\u00e4ilitada Teie isikuandmeid 30 aastat arvates andmete kogumisest.<br>Kui andmeid enam esialgsel eesm\u00e4rgil vaja ei ole, kustutatakse need vastavalt HR vastuv\u00f5etud andmet\u00f6\u00f6tlusjuhendile.<br>Kogutud isikuandmeid t\u00f6\u00f6deldakse Eesti Vabariigis. Teie palvel v\u00f5i n\u00f5usolekul edastame Teie isikuandmeid ka v\u00e4ljapoole Eesti Vabariiki.<\/p>\n\n\n\n<p><strong>Teie \u00f5igused seoses andmete t\u00f6\u00f6tlemisega<\/strong><\/p>\n\n\n\n<p>Kui isikuandmete t\u00f6\u00f6tlemise \u00f5iguslik alus tuleneb HR \u00f5igustatud huvist, on Teil \u00f5igus konkreetsetest asjaoludest l\u00e4htudes esitada isikuandmete t\u00f6\u00f6tlemisele vastuv\u00e4iteid. Teil on \u00f5igus tutvuda oma isikuandmetega, mida HR on Teie kohta kogunud. Lisaks on Teil \u00f5igus t\u00f6\u00f6deldavaid isikuandmeid parandada ja\/v\u00f5i t\u00e4iendada.<br>Juhul, kui soovite oma eespool nimetatud \u00f5igusi kasutada, on Teil v\u00f5imalik p\u00f6\u00f6rduda vastavasisulise taotlusega HR andmekaitsespetsialisti poole e-posti <strong>__<\/strong> kaudu.<br>Teie n\u00f5usoleku tagasiv\u00f5tmine ei muuda tagasiv\u00f5tmisele eelnevat isikuandmete t\u00f6\u00f6tlemist \u00f5igusvastaseks.<\/p>\n\n\n\n<p><strong>Isikuandmete parandamine, t\u00f6\u00f6tlemise piiramine ja kustutamine<\/strong><\/p>\n\n\n\n<p>HR on kohustatud p\u00f5hjendamatu viivituseta parandama, kustutama v\u00f5i t\u00e4iendama t\u00f6\u00f6deldud ja\/v\u00f5i t\u00f6\u00f6tlemisel olevaid isikuandmeid, kui need on tulenevalt t\u00f6\u00f6tlemise eesm\u00e4rgist eba\u00f5iged, ebavajalikud, ebat\u00e4ielikud v\u00f5i aegunud.<\/p>\n\n\n\n<p>Teil on \u00f5igus n\u00f5uda HR\u2019lt isikuandmete t\u00f6\u00f6tlemise piiramist j\u00e4rgmistel juhtudel:<\/p>\n\n\n\n<ul>\n<li>kui olete vaidlustanud t\u00f6\u00f6deldavate isikuandmete t\u00e4psuse;<\/li>\n\n\n\n<li>kui leiate, et isikuandmete t\u00f6\u00f6tlemine on ebaseaduslik, kuid te ei taotle isikuandmete kustutamist, vaid nende kasutamise piiramist;<\/li>\n\n\n\n<li>kui HR ei vaja Teie isikuandmeid enam andmet\u00f6\u00f6tluse eesm\u00e4rkidel, kuid need on Teile vajalikud \u00f5iguslike n\u00f5uete koostamiseks, esitamiseks v\u00f5i kaitsmiseks; v\u00f5i<\/li>\n\n\n\n<li>kui olete esitanud seoses isikuandmete t\u00f6\u00f6tlemisega vastuv\u00e4ite kuni HR kontrollib, kas HR \u00f5igustatud huvi kaalub \u00fcles Teie huvid, \u00f5igused ja\/v\u00f5i vabadused. Kui olete taotlenud isikuandmete t\u00f6\u00f6tlemise piiramist eespool nimetatud p\u00f5hjustel, teavitab HR teid enne isikuandmete t\u00f6\u00f6tlemise piirangu l\u00f5petamist.<\/li>\n<\/ul>\n\n\n\n<p>Kui HR keeldub Teie eba\u00f5igete andmete parandamise taotlusest, teavitatakse Teid sellest kirjalikus taasesitamist v\u00f5imaldavas vormis. Teatises m\u00e4rgitakse ka keeldumise p\u00f5hjused. Sel juhul v\u00f5ib k\u00f5nealuses k\u00fcsimuses p\u00f6\u00f6rduda andmekaitse \u00f5igusvoliniku poole.<br>HR teavitab isikuandmete parandamisest andmete vastuv\u00f5tjaid, kellele andmed on esitatud, ja eba\u00f5igete isikuandmete allikat, v\u00e4lja arvatud juhul, kui see on v\u00f5imatu v\u00f5i p\u00f5hjendamatult keerukas.<\/p>\n\n\n\n<p><strong>HR andmekaitse eest vastutav isik, privaatsusteatise muutmine ja kaebused<\/strong><\/p>\n\n\n\n<p>Ortomax Hambaravi O\u00dc juhatus on m\u00e4\u00e4ranud andmekaitsespetsialisti. Andmekaitsespetsialisti poole v\u00f5ib p\u00f6\u00f6rduda k\u00f5ikide HR isikuandmete t\u00f6\u00f6tlemisega seotud p\u00e4ringute ja kaebustega e-postil kristjan.gutmann\/\u00e4tt\/ortomax.ee<br>HR\u2019l on \u00f5igus \u00fchepoolselt muuta eeltoodud privaatsustingimusi, ilma et Teid sellest eelnevalt teavitaks.<br>Kui Te pole rahul sellega, kuidas HR on k\u00e4sitlenud Teie isikuandmeid v\u00f5i Teie esitatud privaatsusp\u00e4ringut v\u00f5i -taotlust, on Teil \u00f5igus esitada kaebus kohalikule andmekaitseasutusele<br>(Eesti Andmekaitseinspektsioon, https:\/\/www.aki.ee\/).<\/p>\n\n\n\n<p><br>viimati uuendatud 26.12.2022<\/p>\n\n<\/div><\/div>\n\n\n<p><br><br><br><\/p>\n","protected":false},"excerpt":{"rendered":"<p>Privaatsuspoliitika<\/p>\n","protected":false},"author":2,"featured_media":50,"parent":0,"menu_order":50,"comment_status":"closed","ping_status":"closed","template":"","meta":{"footnotes":""},"_links":{"self":[{"href":"https:\/\/ortomax.ee\/fi\/wp-json\/wp\/v2\/pages\/120"}],"collection":[{"href":"https:\/\/ortomax.ee\/fi\/wp-json\/wp\/v2\/pages"}],"about":[{"href":"https:\/\/ortomax.ee\/fi\/wp-json\/wp\/v2\/types\/page"}],"author":[{"embeddable":true,"href":"https:\/\/ortomax.ee\/fi\/wp-json\/wp\/v2\/users\/2"}],"replies":[{"embeddable":true,"href":"https:\/\/ortomax.ee\/fi\/wp-json\/wp\/v2\/comments?post=120"}],"version-history":[{"count":2,"href":"https:\/\/ortomax.ee\/fi\/wp-json\/wp\/v2\/pages\/120\/revisions"}],"predecessor-version":[{"id":152,"href":"https:\/\/ortomax.ee\/fi\/wp-json\/wp\/v2\/pages\/120\/revisions\/152"}],"wp:featuredmedia":[{"embeddable":true,"href":"https:\/\/ortomax.ee\/fi\/wp-json\/wp\/v2\/media\/50"}],"wp:attachment":[{"href":"https:\/\/ortomax.ee\/fi\/wp-json\/wp\/v2\/media?parent=120"}],"curies":[{"name":"wp","href":"https:\/\/api.w.org\/{rel}","templated":true}]}}